{"id":25,"date":"2024-02-05T21:19:28","date_gmt":"2024-02-05T21:19:28","guid":{"rendered":"https:\/\/bon-cannabis.fr\/?page_id=25"},"modified":"2024-06-22T17:44:56","modified_gmt":"2024-06-22T17:44:56","slug":"cbd-votre-contact","status":"publish","type":"page","link":"https:\/\/bon-cannabis.fr\/?page_id=25","title":{"rendered":"Contactez Nous !"},"content":{"rendered":"<p>Chiche alignez quelques lettres :<\/p><p><strong>Par courrier<\/strong> <strong>:<font _mstmutation=\"1\" _msttexthash=\"346476\" _msthash=\"603\"> <\/font><\/strong><\/p><p><font _mstmutation=\"1\" _msttexthash=\"346476\" _msthash=\"603\">Sylvain Lagarrigu<\/font>e,  <strong>Agriculteur Artisan Commer\u00e7ant Producteur<\/strong> <\/p><p>Labruy\u00e9re 81190 Mirandol<\/p><p><\/p><p><\/p><p><strong>Par mail:<\/strong>  \u00e0 :<\/p><p> cbd@bon-cannabis.fr<\/p><p><\/p><p><strong>Ou par ici :<\/strong><\/p><div class=\"wpforms-container wpforms-container-full\" id=\"wpforms-40\"><form id=\"wpforms-form-40\" class=\"wpforms-validate wpforms-form wpforms-ajax-form\" data-formid=\"40\" method=\"post\" enctype=\"multipart\/form-data\" action=\"\/index.php?rest_route=%2Fwp%2Fv2%2Fpages%2F25\" data-token=\"73714a0b6452880c7383791a6b8c5fb6\" data-token-time=\"1775394817\"><noscript class=\"wpforms-error-noscript\">Veuillez activer JavaScript dans votre navigateur pour remplir ce formulaire.<\/noscript><div class=\"wpforms-field-container\"><div id=\"wpforms-40-field_0-container\" class=\"wpforms-field wpforms-field-name\" data-field-id=\"0\"><label class=\"wpforms-field-label\" for=\"wpforms-40-field_0\">Nom <span class=\"wpforms-required-label\">*<\/span><\/label><div class=\"wpforms-field-row wpforms-field-medium\"><div class=\"wpforms-field-row-block wpforms-first wpforms-one-half\"><input type=\"text\" id=\"wpforms-40-field_0\" class=\"wpforms-field-name-first wpforms-field-required\" name=\"wpforms[fields][0][first]\" required><label for=\"wpforms-40-field_0\" class=\"wpforms-field-sublabel after\">Pr\u00e9nom<\/label><\/div><div class=\"wpforms-field-row-block wpforms-one-half\"><input type=\"text\" id=\"wpforms-40-field_0-last\" class=\"wpforms-field-name-last wpforms-field-required\" name=\"wpforms[fields][0][last]\" required><label for=\"wpforms-40-field_0-last\" class=\"wpforms-field-sublabel after\">Nom<\/label><\/div><\/div><\/div><div id=\"wpforms-40-field_1-container\" class=\"wpforms-field wpforms-field-email\" data-field-id=\"1\"><label class=\"wpforms-field-label\" for=\"wpforms-40-field_1\">E-mail <span class=\"wpforms-required-label\">*<\/span><\/label><input type=\"email\" id=\"wpforms-40-field_1\" class=\"wpforms-field-medium wpforms-field-required\" name=\"wpforms[fields][1]\" spellcheck=\"false\" required><\/div><div id=\"wpforms-40-field_2-container\" class=\"wpforms-field wpforms-field-textarea\" data-field-id=\"2\"><label class=\"wpforms-field-label\" for=\"wpforms-40-field_2\">Commentaire ou message<\/label><textarea id=\"wpforms-40-field_2\" class=\"wpforms-field-medium\" name=\"wpforms[fields][2]\" ><\/textarea><\/div><\/div><!-- .wpforms-field-container --><div class=\"wpforms-submit-container\" ><input type=\"hidden\" name=\"wpforms[id]\" value=\"40\"><input type=\"hidden\" name=\"page_title\" value=\"\"><input type=\"hidden\" name=\"page_url\" value=\"https:\/\/bon-cannabis.fr\/index.php?rest_route=%2Fwp%2Fv2%2Fpages%2F25\"><button type=\"submit\" name=\"wpforms[submit]\" id=\"wpforms-submit-40\" class=\"wpforms-submit\" data-alt-text=\"Envoi...\" data-submit-text=\"Envoyer\" aria-live=\"assertive\" value=\"wpforms-submit\">Envoyer<\/button><img loading=\"lazy\" decoding=\"async\" src=\"https:\/\/bon-cannabis.fr\/wp-content\/plugins\/wpforms-lite\/assets\/images\/submit-spin.svg\" class=\"wpforms-submit-spinner\" style=\"display: none;\" width=\"26\" height=\"26\" alt=\"Chargement en cours\"><\/div><\/form><\/div>  <!-- .wpforms-container -->","protected":false},"excerpt":{"rendered":"<p>Chiche alignez quelques lettres : Par courrier : Sylvain Lagarrigue, Agriculteur Artisan Commer\u00e7ant Producteur Labruy\u00e9re 81190 Mirandol Par mail: \u00e0 : cbd@bon-cannabis.fr Ou par ici :<\/p>\n","protected":false},"author":1,"featured_media":251,"parent":0,"menu_order":0,"comment_status":"open","ping_status":"closed","template":"","meta":{"footnotes":""},"class_list":["post-25","page","type-page","status-publish","has-post-thumbnail","hentry"],"jetpack_sharing_enabled":true,"_links":{"self":[{"href":"https:\/\/bon-cannabis.fr\/index.php?rest_route=\/wp\/v2\/pages\/25"}],"collection":[{"href":"https:\/\/bon-cannabis.fr\/index.php?rest_route=\/wp\/v2\/pages"}],"about":[{"href":"https:\/\/bon-cannabis.fr\/index.php?rest_route=\/wp\/v2\/types\/page"}],"author":[{"embeddable":true,"href":"https:\/\/bon-cannabis.fr\/index.php?rest_route=\/wp\/v2\/users\/1"}],"replies":[{"embeddable":true,"href":"https:\/\/bon-cannabis.fr\/index.php?rest_route=%2Fwp%2Fv2%2Fcomments&post=25"}],"version-history":[{"count":24,"href":"https:\/\/bon-cannabis.fr\/index.php?rest_route=\/wp\/v2\/pages\/25\/revisions"}],"predecessor-version":[{"id":254,"href":"https:\/\/bon-cannabis.fr\/index.php?rest_route=\/wp\/v2\/pages\/25\/revisions\/254"}],"wp:featuredmedia":[{"embeddable":true,"href":"https:\/\/bon-cannabis.fr\/index.php?rest_route=\/wp\/v2\/media\/251"}],"wp:attachment":[{"href":"https:\/\/bon-cannabis.fr\/index.php?rest_route=%2Fwp%2Fv2%2Fmedia&parent=25"}],"curies":[{"name":"wp","href":"https:\/\/api.w.org\/{rel}","templated":true}]}}